{"id":278066,"date":"2023-06-05T14:09:18","date_gmt":"2023-06-05T14:09:18","guid":{"rendered":"https:\/\/upperside.lu\/politique-de-cookies-ue\/"},"modified":"2023-06-05T14:17:24","modified_gmt":"2023-06-05T14:17:24","slug":"cookies-policy-eu","status":"publish","type":"page","link":"https:\/\/upperside.lu\/en\/politique-de-cookies-ue\/","title":{"rendered":"Cookie policy (EU)"},"content":{"rendered":"<p>[et_pb_section fb_built=\u00a0\u00bb1&Prime; custom_padding_last_edited=\u00a0\u00bbon|tablet\u00a0\u00bb _builder_version=\u00a0\u00bb4.20.4&Prime; _module_preset=\u00a0\u00bbdefault\u00a0\u00bb background_color=\u00a0\u00bb#003A34&Prime; custom_padding=\u00a0\u00bb6%||0px||false|false\u00a0\u00bb custom_padding_tablet=\u00a0\u00bb20%||0px||false|false\u00a0\u00bb custom_padding_phone=\u00a0\u00bb30%||0px||false|false\u00a0\u00bb locked=\u00a0\u00bboff\u00a0\u00bb global_colors_info=\u00a0\u00bb{}\u00a0\u00bb][et_pb_row column_structure=\u00a0\u00bb1_2,1_2&Prime; custom_padding_last_edited=\u00a0\u00bbon|phone\u00a0\u00bb _builder_version=\u00a0\u00bb4.21.0&Prime; _module_preset=\u00a0\u00bbdefault\u00a0\u00bb width=\u00a0\u00bb100%\u00a0\u00bb width_tablet=\u00a0\u00bb100%\u00a0\u00bb width_phone=\u00a0\u00bb100%\u00a0\u00bb width_last_edited=\u00a0\u00bbon|desktop\u00a0\u00bb max_width=\u00a0\u00bb100%\u00a0\u00bb max_width_tablet=\u00a0\u00bb100%\u00a0\u00bb max_width_phone=\u00a0\u00bb100%\u00a0\u00bb max_width_last_edited=\u00a0\u00bbon|desktop\u00a0\u00bb custom_margin=\u00a0\u00bb0px||0px||true|false\u00a0\u00bb custom_padding=\u00a0\u00bb0px||0px||false|false\u00a0\u00bb custom_padding_tablet=\u00a0\u00bb0px||0px||false|false\u00a0\u00bb custom_padding_phone=\u00a0\u00bb60px||0px||false|false\u00a0\u00bb custom_css_main_element=\u00a0\u00bbdisplay:flex;||align-items:center;\u00a0\u00bb global_colors_info=\u00a0\u00bb{}\u00a0\u00bb custom_css_main_element_last_edited=\u00a0\u00bbon|tablet\u00a0\u00bb custom_css_main_element_tablet=\u00a0\u00bbdisplay:flex;||flex-direction:column-reverse;\u00a0\u00bb custom_css_main_element_phone=\u00a0\u00bbdisplay:flex;||flex-direction:column-reverse;\u00a0\u00bb][et_pb_column type=\u00a0\u00bb1_2&Prime; _builder_version=\u00a0\u00bb4.20.4&Prime; _module_preset=\u00a0\u00bbdefault\u00a0\u00bb background_enable_color=\u00a0\u00bboff\u00a0\u00bb background_enable_image=\u00a0\u00bboff\u00a0\u00bb global_colors_info=\u00a0\u00bb{}\u00a0\u00bb][et_pb_image src=\u00a0\u00bbhttps:\/\/upperside.lu\/wp-content\/uploads\/2023\/05\/Upperside-Investir-2.png\u00a0\u00bb alt=\u00a0\u00bbUpperside &#8211; Batiment Kirchberg Luxembourg\u00a0\u00bb title_text=\u00a0\u00bbUpperside &#8211; Investir 2&Prime; _builder_version=\u00a0\u00bb4.21.0&Prime; _module_preset=\u00a0\u00bbdefault\u00a0\u00bb max_width=\u00a0\u00bb85%\u00a0\u00bb max_width_tablet=\u00a0\u00bb100%\u00a0\u00bb max_width_phone=\u00a0\u00bb100%\u00a0\u00bb max_width_last_edited=\u00a0\u00bbon|tablet\u00a0\u00bb animation_style=\u00a0\u00bbfade\u00a0\u00bb animation_delay=\u00a0\u00bb150ms\u00a0\u00bb animation_starting_opacity=\u00a0\u00bb40%\u00a0\u00bb animation_speed_curve=\u00a0\u00bbease-in\u00a0\u00bb global_colors_info=\u00a0\u00bb{}\u00a0\u00bb][\/et_pb_image][\/et_pb_column][et_pb_column type=\u00a0\u00bb1_2&Prime; _builder_version=\u00a0\u00bb4.20.4&Prime; _module_preset=\u00a0\u00bbdefault\u00a0\u00bb background_enable_color=\u00a0\u00bboff\u00a0\u00bb custom_padding=\u00a0\u00bb|150px|||false|false\u00a0\u00bb custom_padding_tablet=\u00a0\u00bb60px|0px|||false|false\u00a0\u00bb custom_padding_phone=\u00a0\u00bb60px|0px|||false|false\u00a0\u00bb custom_padding_last_edited=\u00a0\u00bbon|tablet\u00a0\u00bb global_colors_info=\u00a0\u00bb{}\u00a0\u00bb][et_pb_text _builder_version=\u00a0\u00bb4.21.0&Prime; _module_preset=\u00a0\u00bbdefault\u00a0\u00bb header_font=\u00a0\u00bbPlayFair Regular||||||||\u00a0\u00bb header_text_align=\u00a0\u00bbcenter\u00a0\u00bb header_text_color=\u00a0\u00bb#ffffff\u00a0\u00bb header_font_size=\u00a0\u00bb54px\u00a0\u00bb header_line_height=\u00a0\u00bb1.3em\u00a0\u00bb width=\u00a0\u00bb100%\u00a0\u00bb width_tablet=\u00a0\u00bb100%\u00a0\u00bb width_phone=\u00a0\u00bb100%\u00a0\u00bb width_last_edited=\u00a0\u00bbon|desktop\u00a0\u00bb max_width=\u00a0\u00bb100%\u00a0\u00bb max_width_tablet=\u00a0\u00bb80%\u00a0\u00bb max_width_phone=\u00a0\u00bb90%\u00a0\u00bb max_width_last_edited=\u00a0\u00bbon|phone\u00a0\u00bb module_alignment=\u00a0\u00bbleft\u00a0\u00bb custom_margin=\u00a0\u00bb||60px||false|false\u00a0\u00bb custom_margin_tablet=\u00a0\u00bb||30px||false|false\u00a0\u00bb custom_margin_phone=\u00a0\u00bb||30px||false|false\u00a0\u00bb custom_margin_last_edited=\u00a0\u00bbon|tablet\u00a0\u00bb animation_style=\u00a0\u00bbslide\u00a0\u00bb animation_direction=\u00a0\u00bbbottom\u00a0\u00bb hover_enabled=\u00a0\u00bb0&Prime; header_font_size_tablet=\u00a0\u00bb52px\u00a0\u00bb header_font_size_phone=\u00a0\u00bb30px\u00a0\u00bb header_font_size_last_edited=\u00a0\u00bbon|phone\u00a0\u00bb module_alignment_tablet=\u00a0\u00bbcenter\u00a0\u00bb module_alignment_phone=\u00a0\u00bbcenter\u00a0\u00bb module_alignment_last_edited=\u00a0\u00bbon|tablet\u00a0\u00bb global_colors_info=\u00a0\u00bb{}\u00a0\u00bb sticky_enabled=\u00a0\u00bb0&Prime;]<\/p>\n<h1>Politique de cookies (UE)<\/h1>\n<p>[\/et_pb_text][\/et_pb_column][\/et_pb_row][\/et_pb_section][et_pb_section fb_built=\u00a0\u00bb1&Prime; admin_label=\u00a0\u00bbFeature\u00a0\u00bb _builder_version=\u00a0\u00bb4.20.4&Prime; _module_preset=\u00a0\u00bbdefault\u00a0\u00bb background_color=\u00a0\u00bb#EDEDED\u00a0\u00bb custom_margin=\u00a0\u00bb||0px||false|false\u00a0\u00bb locked=\u00a0\u00bboff\u00a0\u00bb global_colors_info=\u00a0\u00bb{}\u00a0\u00bb][et_pb_row _builder_version=\u00a0\u00bb4.21.0&Prime; _module_preset=\u00a0\u00bbdefault\u00a0\u00bb animation_style=\u00a0\u00bbfade\u00a0\u00bb global_colors_info=\u00a0\u00bb{}\u00a0\u00bb][et_pb_column type=\u00a0\u00bb4_4&Prime; _builder_version=\u00a0\u00bb4.16&Prime; _module_preset=\u00a0\u00bbdefault\u00a0\u00bb global_colors_info=\u00a0\u00bb{}\u00a0\u00bb][et_pb_text _builder_version=\u00a0\u00bb4.21.0&Prime; _module_preset=\u00a0\u00bbdefault\u00a0\u00bb text_font=\u00a0\u00bbAvenir Regular book||||||||\u00a0\u00bb text_text_color=\u00a0\u00bb#000000&Prime; text_font_size=\u00a0\u00bb17px\u00a0\u00bb text_line_height=\u00a0\u00bb1.8em\u00a0\u00bb header_3_font=\u00a0\u00bbPlayFair Regular||||||||\u00a0\u00bb header_3_font_size=\u00a0\u00bb30px\u00a0\u00bb header_3_line_height=\u00a0\u00bb1.2em\u00a0\u00bb hover_enabled=\u00a0\u00bb0&Prime; text_font_size_tablet=\u00a0\u00bb\u00a0\u00bb text_font_size_phone=\u00a0\u00bb14px\u00a0\u00bb text_font_size_last_edited=\u00a0\u00bbon|phone\u00a0\u00bb header_3_font_size_tablet=\u00a0\u00bb24px\u00a0\u00bb header_3_font_size_phone=\u00a0\u00bb20px\u00a0\u00bb header_3_font_size_last_edited=\u00a0\u00bbon|phone\u00a0\u00bb locked=\u00a0\u00bboff\u00a0\u00bb global_colors_info=\u00a0\u00bb{}\u00a0\u00bb sticky_enabled=\u00a0\u00bb0&Prime;]<\/p>\n<p>Cette politique de cookies a \u00e9t\u00e9 mise \u00e0 jour pour la derni\u00e8re fois le juin 5, 2023 et s\u2019applique aux citoyens et aux r\u00e9sidents permanents l\u00e9gaux de l\u2019Espace \u00c9conomique Europ\u00e9en et de la Suisse.<\/p>\n<h2>1. Introduction<\/h2>\n<p>Notre site web, <a href=\"https:\/\/upperside.lu\">https:\/\/upperside.lu<\/a> (ci-apr\u00e8s : \u00ab le site web \u00bb) utilise des cookies et autres technologies li\u00e9es (par simplification, toutes ces technologies sont d\u00e9sign\u00e9es par le terme \u00ab cookies \u00bb). Des cookies sont \u00e9galement plac\u00e9s par des tierces parties que nous avons engag\u00e9es. Dans le document ci-dessous, nous vous informons de l\u2019utilisation des cookies sur notre site web.<\/p>\n<h2>2. Que sont les cookies ?<\/h2>\n<p>Un cookie est un petit fichier simple envoy\u00e9 avec les pages de ce site web et stock\u00e9 par votre navigateur sur le disque dur de votre ordinateur ou d\u2019un autre appareil. Les informations qui y sont stock\u00e9es peuvent \u00eatre renvoy\u00e9es \u00e0 nos serveurs ou aux serveurs des tierces parties concern\u00e9es lors d\u2019une visite ult\u00e9rieure.<\/p>\n<h2>3. Que sont les scripts ?<\/h2>\n<p>Un script est un \u00e9l\u00e9ment de code utilis\u00e9 pour que notre site web fonctionne correctement et de mani\u00e8re interactive. Ce code est ex\u00e9cut\u00e9 sur notre serveur ou sur votre appareil.<\/p>\n<h2>4. Cookies<\/h2>\n<h3>4.1 Cookies techniques ou fonctionnels<\/h3>\n<p>Certains cookies assurent le fonctionnement correct de certaines parties du site web et la prise en compte de vos pr\u00e9f\u00e9rences en tant qu\u2019utilisateur. En pla\u00e7ant des cookies fonctionnels, nous vous facilitons la visite de notre site web. Ainsi, vous n\u2019avez pas besoin de saisir \u00e0 plusieurs reprises les m\u00eames informations lors de la visite de notre site web et, par exemple, les \u00e9l\u00e9ments restent dans votre panier jusqu\u2019\u00e0 votre paiement. Nous pouvons placer ces cookies sans votre consentement.<\/p>\n<h3>4.2 Cookies de marketing\/suivi<\/h3>\n<p>Les cookies de marketing\/suivi sont des cookies ou toute autre forme de stockage local, utilis\u00e9s pour cr\u00e9er des profils d\u2019utilisateurs afin d\u2019afficher de la publicit\u00e9 ou de suivre l\u2019utilisateur sur ce site web ou sur plusieurs sites web dans des finalit\u00e9s marketing similaires.<\/p>\n<h2>5. Cookies plac\u00e9s<\/h2>\n<h2>6. Consentement<\/h2>\n<p>Lorsque vous visitez notre site web pour la premi\u00e8re fois, nous vous montrerons une fen\u00eatre contextuelle avec une explication sur les cookies. D\u00e8s que vous cliquez sur \u00ab Enregistrer les pr\u00e9f\u00e9rences \u00bb, vous nous autorisez \u00e0 utiliser les cat\u00e9gories de cookies et d\u2019extensions que vous avez s\u00e9lectionn\u00e9s dans la fen\u00eatre contextuelle, comme d\u00e9crit dans la pr\u00e9sente politique de cookies. Vous pouvez d\u00e9sactiver l\u2019utilisation des cookies via votre navigateur, mais veuillez noter que notre site web pourrait ne plus fonctionner correctement.<\/p>\n<h3>6.1 G\u00e9rez vos r\u00e9glages de consentement<\/h3>\n<p>Vous avez charg\u00e9 la politique de cookies sans le support de javascript. Sur AMP, vous pouvez utiliser l\u2019onglet de gestion du consentement en bas de la page.<\/p>\n<h2>7. Activer\/d\u00e9sactiver et supprimer les cookies<\/h2>\n<p>Vous pouvez utiliser votre navigateur internet pour supprimer automatiquement ou manuellement les cookies. Vous pouvez \u00e9galement sp\u00e9cifier que certains cookies ne peuvent pas \u00eatre plac\u00e9s. Une autre option consiste \u00e0 modifier les r\u00e9glages de votre navigateur Internet afin que vous receviez un message \u00e0 chaque fois qu\u2019un cookie est plac\u00e9. Pour plus d\u2019informations sur ces options, reportez-vous aux instructions de la section Aide de votre navigateur.<\/p>\n<p>Veuillez noter que notre site web peut ne pas fonctionner correctement si tous les cookies sont d\u00e9sactiv\u00e9s. Si vous supprimez les cookies dans votre navigateur, ils seront de nouveau plac\u00e9s apr\u00e8s votre consentement lorsque vous revisiterez nos sites web.<\/p>\n<h2>8. Vos droits concernant les donn\u00e9es personnelles<\/h2>\n<p>Vous avez les droits suivants concernant vos donn\u00e9es personnelles :<\/p>\n<ul>\n<li>Vous avez le droit de savoir pourquoi vos donn\u00e9es personnelles sont n\u00e9cessaires, ce qui leur arrivera et combien de temps elles seront conserv\u00e9es.<\/li>\n<li>Droit d\u2019acc\u00e8s : vous avez le droit d\u2019acc\u00e9der \u00e0 vos donn\u00e9es personnelles que nous connaissons.<\/li>\n<li>Droit de rectification : vous avez le droit \u00e0 tout moment de compl\u00e9ter, corriger, faire supprimer ou bloquer vos donn\u00e9es personnelles.<\/li>\n<li>Si vous nous donnez votre consentement pour le traitement de vos donn\u00e9es, vous avez le droit de r\u00e9voquer ce consentement et de faire supprimer vos donn\u00e9es personnelles.<\/li>\n<li>Droit de transf\u00e9rer vos donn\u00e9es : vous avez le droit de demander toutes vos donn\u00e9es personnelles au responsable du traitement et de les transf\u00e9rer dans leur int\u00e9gralit\u00e9 \u00e0 un autre responsable du traitement.<\/li>\n<li>Droit d\u2019opposition : vous pouvez vous opposer au traitement de vos donn\u00e9es. Nous obtemp\u00e9rerons, \u00e0 moins que certaines raisons ne justifient ce traitement.<\/li>\n<\/ul>\n<p>Pour exercer ces droits, veuillez nous contacter. Veuillez vous r\u00e9f\u00e9rer aux coordonn\u00e9es au bas de cette politique de cookies. Si vous avez une plainte concernant la fa\u00e7on dont nous traitons vos donn\u00e9es, nous aimerions en \u00eatre inform\u00e9s, mais vous avez \u00e9galement le droit de d\u00e9poser une plainte aupr\u00e8s de l\u2019autorit\u00e9 de contr\u00f4le (l\u2019autorit\u00e9 charg\u00e9e de la protection des donn\u00e9es, comme le CEPD).<\/p>\n<h2>9. Coordonn\u00e9es<\/h2>\n<p>Pour des questions et\/ou des commentaires sur notre politique de cookies et cette d\u00e9claration, veuillez nous contacter en utilisant les coordonn\u00e9es suivantes :<\/p>\n<p>Eaglestone<br \/>Av. Louise 480, 1050 Bruxelles, Belgique<br \/>Belgique<br \/>Site web : <a href=\"https:\/\/upperside.lu\">https:\/\/upperside.lu<\/a><br \/>E-mail : puorg.enotselgae@nimda<br \/>Num\u00e9ro de t\u00e9l\u00e9phone: +32 (0)2 486 01 04<\/p>\n<p>Cette politique de cookies a \u00e9t\u00e9 synchronis\u00e9e avec cookiedatabase.org le juin 5, 2023.<\/p>\n<p>[\/et_pb_text][\/et_pb_column][\/et_pb_row][\/et_pb_section]<\/p>\n","protected":false},"excerpt":{"rendered":"<p>Politique de cookies (UE)Cette politique de cookies a \u00e9t\u00e9 mise \u00e0 jour pour la derni\u00e8re fois le juin 5, 2023 et s\u2019applique aux citoyens et aux r\u00e9sidents permanents l\u00e9gaux de l\u2019Espace \u00c9conomique Europ\u00e9en et de la Suisse. 1. Introduction Notre site web, https:\/\/upperside.lu (ci-apr\u00e8s : \u00ab le site web \u00bb) utilise des cookies et autres technologies li\u00e9es (par simplification, toutes ces technologies sont d\u00e9sign\u00e9es par le terme \u00ab cookies \u00bb). Des cookies sont \u00e9galement plac\u00e9s par des tierces parties que nous avons engag\u00e9es. Dans le document ci-dessous, nous vous informons de l\u2019utilisation des cookies sur notre site web. 2. Que sont les cookies ? Un cookie est un petit fichier simple envoy\u00e9 avec les pages de ce site web et stock\u00e9 par votre navigateur sur le disque dur de votre ordinateur ou d\u2019un autre appareil. Les informations qui y sont stock\u00e9es peuvent \u00eatre renvoy\u00e9es \u00e0 nos serveurs ou aux serveurs des tierces parties concern\u00e9es lors d\u2019une visite ult\u00e9rieure. 3. Que sont les scripts ? Un script est un \u00e9l\u00e9ment de code utilis\u00e9 pour que notre site web fonctionne correctement et de mani\u00e8re interactive. Ce code est ex\u00e9cut\u00e9 sur notre serveur ou sur votre appareil. 4. Cookies 4.1 Cookies techniques ou [&hellip;]<\/p>\n","protected":false},"author":1,"featured_media":0,"parent":0,"menu_order":0,"comment_status":"closed","ping_status":"closed","template":"","meta":{"_et_pb_use_builder":"on","_et_pb_old_content":"<!-- wp:complianz\/document {\"title\":\"Politique de cookies (UE)\",\"selectedDocument\":\"cookie-statement\"} \/-->","_et_gb_content_width":"","footnotes":""},"difl_page_category":[],"class_list":["post-278066","page","type-page","status-publish","hentry"],"yoast_head":"<!-- This site is optimized with the Yoast SEO plugin v27.3 - https:\/\/yoast.com\/product\/yoast-seo-wordpress\/ -->\n<title>Politique de cookies (UE) - Upperside<\/title>\n<meta name=\"robots\" content=\"index, follow, max-snippet:-1, max-image-preview:large, max-video-preview:-1\" \/>\n<link rel=\"canonical\" href=\"https:\/\/upperside.lu\/en\/cookies-policy-eu\/\" \/>\n<meta property=\"og:locale\" content=\"en_US\" \/>\n<meta property=\"og:type\" content=\"article\" \/>\n<meta property=\"og:title\" content=\"Politique de cookies (UE) - Upperside\" \/>\n<meta property=\"og:description\" content=\"Politique de cookies (UE)Cette politique de cookies a \u00e9t\u00e9 mise \u00e0 jour pour la derni\u00e8re fois le juin 5, 2023 et s\u2019applique aux citoyens et aux r\u00e9sidents permanents l\u00e9gaux de l\u2019Espace \u00c9conomique Europ\u00e9en et de la Suisse. 1. Introduction Notre site web, https:\/\/upperside.lu (ci-apr\u00e8s : \u00ab le site web \u00bb) utilise des cookies et autres technologies li\u00e9es (par simplification, toutes ces technologies sont d\u00e9sign\u00e9es par le terme \u00ab cookies \u00bb). Des cookies sont \u00e9galement plac\u00e9s par des tierces parties que nous avons engag\u00e9es. Dans le document ci-dessous, nous vous informons de l\u2019utilisation des cookies sur notre site web. 2. Que sont les cookies ? Un cookie est un petit fichier simple envoy\u00e9 avec les pages de ce site web et stock\u00e9 par votre navigateur sur le disque dur de votre ordinateur ou d\u2019un autre appareil. Les informations qui y sont stock\u00e9es peuvent \u00eatre renvoy\u00e9es \u00e0 nos serveurs ou aux serveurs des tierces parties concern\u00e9es lors d\u2019une visite ult\u00e9rieure. 3. Que sont les scripts ? Un script est un \u00e9l\u00e9ment de code utilis\u00e9 pour que notre site web fonctionne correctement et de mani\u00e8re interactive. Ce code est ex\u00e9cut\u00e9 sur notre serveur ou sur votre appareil. 4. Cookies 4.1 Cookies techniques ou [&hellip;]\" \/>\n<meta property=\"og:url\" content=\"https:\/\/upperside.lu\/en\/cookies-policy-eu\/\" \/>\n<meta property=\"og:site_name\" content=\"Upperside\" \/>\n<meta property=\"article:modified_time\" content=\"2023-06-05T14:17:24+00:00\" \/>\n<meta name=\"twitter:card\" content=\"summary_large_image\" \/>\n<meta name=\"twitter:label1\" content=\"Est. reading time\" \/>\n\t<meta name=\"twitter:data1\" content=\"7 minutes\" \/>\n<script type=\"application\/ld+json\" class=\"yoast-schema-graph\">{\"@context\":\"https:\\\/\\\/schema.org\",\"@graph\":[{\"@type\":\"WebPage\",\"@id\":\"https:\\\/\\\/upperside.lu\\\/politique-de-cookies-ue\\\/\",\"url\":\"https:\\\/\\\/upperside.lu\\\/politique-de-cookies-ue\\\/\",\"name\":\"Politique de cookies (UE) - Upperside\",\"isPartOf\":{\"@id\":\"https:\\\/\\\/upperside.lu\\\/#website\"},\"datePublished\":\"2023-06-05T14:09:18+00:00\",\"dateModified\":\"2023-06-05T14:17:24+00:00\",\"breadcrumb\":{\"@id\":\"https:\\\/\\\/upperside.lu\\\/politique-de-cookies-ue\\\/#breadcrumb\"},\"inLanguage\":\"en-US\",\"potentialAction\":[{\"@type\":\"ReadAction\",\"target\":[\"https:\\\/\\\/upperside.lu\\\/politique-de-cookies-ue\\\/\"]}]},{\"@type\":\"BreadcrumbList\",\"@id\":\"https:\\\/\\\/upperside.lu\\\/politique-de-cookies-ue\\\/#breadcrumb\",\"itemListElement\":[{\"@type\":\"ListItem\",\"position\":1,\"name\":\"Accueil\",\"item\":\"https:\\\/\\\/upperside.lu\\\/\"},{\"@type\":\"ListItem\",\"position\":2,\"name\":\"Politique de cookies (UE)\"}]},{\"@type\":\"WebSite\",\"@id\":\"https:\\\/\\\/upperside.lu\\\/#website\",\"url\":\"https:\\\/\\\/upperside.lu\\\/\",\"name\":\"Upperside\",\"description\":\"\",\"publisher\":{\"@id\":\"https:\\\/\\\/upperside.lu\\\/#organization\"},\"potentialAction\":[{\"@type\":\"SearchAction\",\"target\":{\"@type\":\"EntryPoint\",\"urlTemplate\":\"https:\\\/\\\/upperside.lu\\\/?s={search_term_string}\"},\"query-input\":{\"@type\":\"PropertyValueSpecification\",\"valueRequired\":true,\"valueName\":\"search_term_string\"}}],\"inLanguage\":\"en-US\"},{\"@type\":\"Organization\",\"@id\":\"https:\\\/\\\/upperside.lu\\\/#organization\",\"name\":\"Upperside\",\"url\":\"https:\\\/\\\/upperside.lu\\\/\",\"logo\":{\"@type\":\"ImageObject\",\"inLanguage\":\"en-US\",\"@id\":\"https:\\\/\\\/upperside.lu\\\/#\\\/schema\\\/logo\\\/image\\\/\",\"url\":\"https:\\\/\\\/upperside.lu\\\/wp-content\\\/uploads\\\/2023\\\/04\\\/Upperside-Logo-classic.png\",\"contentUrl\":\"https:\\\/\\\/upperside.lu\\\/wp-content\\\/uploads\\\/2023\\\/04\\\/Upperside-Logo-classic.png\",\"width\":1906,\"height\":1080,\"caption\":\"Upperside\"},\"image\":{\"@id\":\"https:\\\/\\\/upperside.lu\\\/#\\\/schema\\\/logo\\\/image\\\/\"}}]}<\/script>\n<!-- \/ Yoast SEO plugin. -->","yoast_head_json":{"title":"Cookie policy (EU) - Upperside","robots":{"index":"index","follow":"follow","max-snippet":"max-snippet:-1","max-image-preview":"max-image-preview:large","max-video-preview":"max-video-preview:-1"},"canonical":"https:\/\/upperside.lu\/en\/cookies-policy-eu\/","og_locale":"en_US","og_type":"article","og_title":"Politique de cookies (UE) - Upperside","og_description":"Politique de cookies (UE)Cette politique de cookies a \u00e9t\u00e9 mise \u00e0 jour pour la derni\u00e8re fois le juin 5, 2023 et s\u2019applique aux citoyens et aux r\u00e9sidents permanents l\u00e9gaux de l\u2019Espace \u00c9conomique Europ\u00e9en et de la Suisse. 1. Introduction Notre site web, https:\/\/upperside.lu (ci-apr\u00e8s : \u00ab le site web \u00bb) utilise des cookies et autres technologies li\u00e9es (par simplification, toutes ces technologies sont d\u00e9sign\u00e9es par le terme \u00ab cookies \u00bb). Des cookies sont \u00e9galement plac\u00e9s par des tierces parties que nous avons engag\u00e9es. Dans le document ci-dessous, nous vous informons de l\u2019utilisation des cookies sur notre site web. 2. Que sont les cookies ? Un cookie est un petit fichier simple envoy\u00e9 avec les pages de ce site web et stock\u00e9 par votre navigateur sur le disque dur de votre ordinateur ou d\u2019un autre appareil. Les informations qui y sont stock\u00e9es peuvent \u00eatre renvoy\u00e9es \u00e0 nos serveurs ou aux serveurs des tierces parties concern\u00e9es lors d\u2019une visite ult\u00e9rieure. 3. Que sont les scripts ? Un script est un \u00e9l\u00e9ment de code utilis\u00e9 pour que notre site web fonctionne correctement et de mani\u00e8re interactive. Ce code est ex\u00e9cut\u00e9 sur notre serveur ou sur votre appareil. 4. Cookies 4.1 Cookies techniques ou [&hellip;]","og_url":"https:\/\/upperside.lu\/en\/cookies-policy-eu\/","og_site_name":"Upperside","article_modified_time":"2023-06-05T14:17:24+00:00","twitter_card":"summary_large_image","twitter_misc":{"Est. reading time":"7 minutes"},"schema":{"@context":"https:\/\/schema.org","@graph":[{"@type":"WebPage","@id":"https:\/\/upperside.lu\/politique-de-cookies-ue\/","url":"https:\/\/upperside.lu\/politique-de-cookies-ue\/","name":"Cookie policy (EU) - Upperside","isPartOf":{"@id":"https:\/\/upperside.lu\/#website"},"datePublished":"2023-06-05T14:09:18+00:00","dateModified":"2023-06-05T14:17:24+00:00","breadcrumb":{"@id":"https:\/\/upperside.lu\/politique-de-cookies-ue\/#breadcrumb"},"inLanguage":"en-US","potentialAction":[{"@type":"ReadAction","target":["https:\/\/upperside.lu\/politique-de-cookies-ue\/"]}]},{"@type":"BreadcrumbList","@id":"https:\/\/upperside.lu\/politique-de-cookies-ue\/#breadcrumb","itemListElement":[{"@type":"ListItem","position":1,"name":"Accueil","item":"https:\/\/upperside.lu\/"},{"@type":"ListItem","position":2,"name":"Politique de cookies (UE)"}]},{"@type":"WebSite","@id":"https:\/\/upperside.lu\/#website","url":"https:\/\/upperside.lu\/","name":"Upperside","description":"","publisher":{"@id":"https:\/\/upperside.lu\/#organization"},"potentialAction":[{"@type":"SearchAction","target":{"@type":"EntryPoint","urlTemplate":"https:\/\/upperside.lu\/?s={search_term_string}"},"query-input":{"@type":"PropertyValueSpecification","valueRequired":true,"valueName":"search_term_string"}}],"inLanguage":"en-US"},{"@type":"Organization","@id":"https:\/\/upperside.lu\/#organization","name":"Upperside","url":"https:\/\/upperside.lu\/","logo":{"@type":"ImageObject","inLanguage":"en-US","@id":"https:\/\/upperside.lu\/#\/schema\/logo\/image\/","url":"https:\/\/upperside.lu\/wp-content\/uploads\/2023\/04\/Upperside-Logo-classic.png","contentUrl":"https:\/\/upperside.lu\/wp-content\/uploads\/2023\/04\/Upperside-Logo-classic.png","width":1906,"height":1080,"caption":"Upperside"},"image":{"@id":"https:\/\/upperside.lu\/#\/schema\/logo\/image\/"}}]}},"_links":{"self":[{"href":"https:\/\/upperside.lu\/en\/wp-json\/wp\/v2\/pages\/278066","targetHints":{"allow":["GET"]}}],"collection":[{"href":"https:\/\/upperside.lu\/en\/wp-json\/wp\/v2\/pages"}],"about":[{"href":"https:\/\/upperside.lu\/en\/wp-json\/wp\/v2\/types\/page"}],"author":[{"embeddable":true,"href":"https:\/\/upperside.lu\/en\/wp-json\/wp\/v2\/users\/1"}],"replies":[{"embeddable":true,"href":"https:\/\/upperside.lu\/en\/wp-json\/wp\/v2\/comments?post=278066"}],"version-history":[{"count":4,"href":"https:\/\/upperside.lu\/en\/wp-json\/wp\/v2\/pages\/278066\/revisions"}],"predecessor-version":[{"id":278072,"href":"https:\/\/upperside.lu\/en\/wp-json\/wp\/v2\/pages\/278066\/revisions\/278072"}],"wp:attachment":[{"href":"https:\/\/upperside.lu\/en\/wp-json\/wp\/v2\/media?parent=278066"}],"wp:term":[{"taxonomy":"difl_page_category","embeddable":true,"href":"https:\/\/upperside.lu\/en\/wp-json\/wp\/v2\/difl_page_category?post=278066"}],"curies":[{"name":"wp","href":"https:\/\/api.w.org\/{rel}","templated":true}]}}