{"id":278051,"date":"2023-06-05T13:02:31","date_gmt":"2023-06-05T13:02:31","guid":{"rendered":"https:\/\/upperside.testpw.link\/?page_id=278051"},"modified":"2023-06-05T13:33:05","modified_gmt":"2023-06-05T13:33:05","slug":"legal-notice","status":"publish","type":"page","link":"https:\/\/upperside.lu\/en\/mentions-legales\/","title":{"rendered":"Terms of use"},"content":{"rendered":"<p>[et_pb_section fb_built=\u00a0\u00bb1&Prime; custom_padding_last_edited=\u00a0\u00bbon|tablet\u00a0\u00bb _builder_version=\u00a0\u00bb4.20.4&Prime; _module_preset=\u00a0\u00bbdefault\u00a0\u00bb background_color=\u00a0\u00bb#003A34&Prime; custom_padding=\u00a0\u00bb6%||0px||false|false\u00a0\u00bb custom_padding_tablet=\u00a0\u00bb20%||0px||false|false\u00a0\u00bb custom_padding_phone=\u00a0\u00bb30%||0px||false|false\u00a0\u00bb locked=\u00a0\u00bboff\u00a0\u00bb global_colors_info=\u00a0\u00bb{}\u00a0\u00bb theme_builder_area=\u00a0\u00bbpost_content\u00a0\u00bb][et_pb_row column_structure=\u00a0\u00bb1_2,1_2&Prime; custom_padding_last_edited=\u00a0\u00bbon|phone\u00a0\u00bb _builder_version=\u00a0\u00bb4.21.0&Prime; _module_preset=\u00a0\u00bbdefault\u00a0\u00bb width=\u00a0\u00bb100%\u00a0\u00bb width_tablet=\u00a0\u00bb100%\u00a0\u00bb width_phone=\u00a0\u00bb100%\u00a0\u00bb width_last_edited=\u00a0\u00bbon|desktop\u00a0\u00bb max_width=\u00a0\u00bb100%\u00a0\u00bb max_width_tablet=\u00a0\u00bb100%\u00a0\u00bb max_width_phone=\u00a0\u00bb100%\u00a0\u00bb max_width_last_edited=\u00a0\u00bbon|desktop\u00a0\u00bb custom_margin=\u00a0\u00bb0px||0px||true|false\u00a0\u00bb custom_padding=\u00a0\u00bb0px||0px||false|false\u00a0\u00bb custom_padding_tablet=\u00a0\u00bb0px||0px||false|false\u00a0\u00bb custom_padding_phone=\u00a0\u00bb60px||0px||false|false\u00a0\u00bb custom_css_main_element=\u00a0\u00bbdisplay:flex;||align-items:center;\u00a0\u00bb global_colors_info=\u00a0\u00bb{}\u00a0\u00bb custom_css_main_element_last_edited=\u00a0\u00bbon|tablet\u00a0\u00bb custom_css_main_element_tablet=\u00a0\u00bbdisplay:flex;||flex-direction:column-reverse;\u00a0\u00bb custom_css_main_element_phone=\u00a0\u00bbdisplay:flex;||flex-direction:column-reverse;\u00a0\u00bb theme_builder_area=\u00a0\u00bbpost_content\u00a0\u00bb][et_pb_column type=\u00a0\u00bb1_2&Prime; _builder_version=\u00a0\u00bb4.20.4&Prime; _module_preset=\u00a0\u00bbdefault\u00a0\u00bb background_enable_color=\u00a0\u00bboff\u00a0\u00bb background_enable_image=\u00a0\u00bboff\u00a0\u00bb global_colors_info=\u00a0\u00bb{}\u00a0\u00bb theme_builder_area=\u00a0\u00bbpost_content\u00a0\u00bb][et_pb_image src=\u00a0\u00bbhttps:\/\/upperside.lu\/wp-content\/uploads\/2023\/05\/Upperside-Investir-2.png\u00a0\u00bb alt=\u00a0\u00bbUpperside &#8211; Batiment Kirchberg Luxembourg\u00a0\u00bb title_text=\u00a0\u00bbUpperside &#8211; Investir 2&Prime; _builder_version=\u00a0\u00bb4.21.0&Prime; _module_preset=\u00a0\u00bbdefault\u00a0\u00bb max_width=\u00a0\u00bb85%\u00a0\u00bb max_width_tablet=\u00a0\u00bb100%\u00a0\u00bb max_width_phone=\u00a0\u00bb100%\u00a0\u00bb max_width_last_edited=\u00a0\u00bbon|tablet\u00a0\u00bb animation_style=\u00a0\u00bbfade\u00a0\u00bb animation_delay=\u00a0\u00bb150ms\u00a0\u00bb animation_starting_opacity=\u00a0\u00bb40%\u00a0\u00bb animation_speed_curve=\u00a0\u00bbease-in\u00a0\u00bb global_colors_info=\u00a0\u00bb{}\u00a0\u00bb theme_builder_area=\u00a0\u00bbpost_content\u00a0\u00bb][\/et_pb_image][\/et_pb_column][et_pb_column type=\u00a0\u00bb1_2&Prime; _builder_version=\u00a0\u00bb4.20.4&Prime; _module_preset=\u00a0\u00bbdefault\u00a0\u00bb background_enable_color=\u00a0\u00bboff\u00a0\u00bb custom_padding=\u00a0\u00bb|150px|||false|false\u00a0\u00bb custom_padding_tablet=\u00a0\u00bb60px|0px|||false|false\u00a0\u00bb custom_padding_phone=\u00a0\u00bb60px|0px|||false|false\u00a0\u00bb custom_padding_last_edited=\u00a0\u00bbon|tablet\u00a0\u00bb global_colors_info=\u00a0\u00bb{}\u00a0\u00bb theme_builder_area=\u00a0\u00bbpost_content\u00a0\u00bb][et_pb_text _builder_version=\u00a0\u00bb4.21.0&Prime; _module_preset=\u00a0\u00bbdefault\u00a0\u00bb header_font=\u00a0\u00bbPlayFair Regular||||||||\u00a0\u00bb header_text_align=\u00a0\u00bbcenter\u00a0\u00bb header_text_color=\u00a0\u00bb#ffffff\u00a0\u00bb header_font_size=\u00a0\u00bb54px\u00a0\u00bb header_line_height=\u00a0\u00bb1.3em\u00a0\u00bb width=\u00a0\u00bb100%\u00a0\u00bb width_tablet=\u00a0\u00bb100%\u00a0\u00bb width_phone=\u00a0\u00bb100%\u00a0\u00bb width_last_edited=\u00a0\u00bbon|desktop\u00a0\u00bb max_width=\u00a0\u00bb100%\u00a0\u00bb max_width_tablet=\u00a0\u00bb80%\u00a0\u00bb max_width_phone=\u00a0\u00bb90%\u00a0\u00bb max_width_last_edited=\u00a0\u00bbon|phone\u00a0\u00bb module_alignment=\u00a0\u00bbleft\u00a0\u00bb custom_margin=\u00a0\u00bb||60px||false|false\u00a0\u00bb custom_margin_tablet=\u00a0\u00bb||30px||false|false\u00a0\u00bb custom_margin_phone=\u00a0\u00bb||30px||false|false\u00a0\u00bb custom_margin_last_edited=\u00a0\u00bbon|tablet\u00a0\u00bb animation_style=\u00a0\u00bbslide\u00a0\u00bb animation_direction=\u00a0\u00bbbottom\u00a0\u00bb hover_enabled=\u00a0\u00bb0&Prime; header_font_size_tablet=\u00a0\u00bb52px\u00a0\u00bb header_font_size_phone=\u00a0\u00bb30px\u00a0\u00bb header_font_size_last_edited=\u00a0\u00bbon|phone\u00a0\u00bb module_alignment_tablet=\u00a0\u00bbcenter\u00a0\u00bb module_alignment_phone=\u00a0\u00bbcenter\u00a0\u00bb module_alignment_last_edited=\u00a0\u00bbon|tablet\u00a0\u00bb global_colors_info=\u00a0\u00bb{}\u00a0\u00bb theme_builder_area=\u00a0\u00bbpost_content\u00a0\u00bb sticky_enabled=\u00a0\u00bb0&Prime;]<\/p>\n<h1>Mentions l\u00e9gales<\/h1>\n<p>[\/et_pb_text][\/et_pb_column][\/et_pb_row][\/et_pb_section][et_pb_section fb_built=\u00a0\u00bb1&Prime; admin_label=\u00a0\u00bbFeature\u00a0\u00bb _builder_version=\u00a0\u00bb4.20.4&Prime; _module_preset=\u00a0\u00bbdefault\u00a0\u00bb background_color=\u00a0\u00bb#EDEDED\u00a0\u00bb custom_margin=\u00a0\u00bb||0px||false|false\u00a0\u00bb locked=\u00a0\u00bboff\u00a0\u00bb global_colors_info=\u00a0\u00bb{}\u00a0\u00bb theme_builder_area=\u00a0\u00bbpost_content\u00a0\u00bb][et_pb_row _builder_version=\u00a0\u00bb4.21.0&Prime; _module_preset=\u00a0\u00bbdefault\u00a0\u00bb animation_style=\u00a0\u00bbfade\u00a0\u00bb hover_enabled=\u00a0\u00bb0&Prime; global_colors_info=\u00a0\u00bb{}\u00a0\u00bb theme_builder_area=\u00a0\u00bbpost_content\u00a0\u00bb sticky_enabled=\u00a0\u00bb0&Prime;][et_pb_column type=\u00a0\u00bb4_4&Prime; _builder_version=\u00a0\u00bb4.16&Prime; _module_preset=\u00a0\u00bbdefault\u00a0\u00bb global_colors_info=\u00a0\u00bb{}\u00a0\u00bb theme_builder_area=\u00a0\u00bbpost_content\u00a0\u00bb][et_pb_text _builder_version=\u00a0\u00bb4.21.0&Prime; _module_preset=\u00a0\u00bbdefault\u00a0\u00bb text_font=\u00a0\u00bbAvenir Regular book||||||||\u00a0\u00bb text_text_color=\u00a0\u00bb#000000&Prime; text_font_size=\u00a0\u00bb17px\u00a0\u00bb text_line_height=\u00a0\u00bb1.8em\u00a0\u00bb header_3_font=\u00a0\u00bbPlayFair Regular||||||||\u00a0\u00bb header_3_font_size=\u00a0\u00bb30px\u00a0\u00bb header_3_line_height=\u00a0\u00bb1.2em\u00a0\u00bb hover_enabled=\u00a0\u00bb0&Prime; text_font_size_tablet=\u00a0\u00bb\u00a0\u00bb text_font_size_phone=\u00a0\u00bb14px\u00a0\u00bb text_font_size_last_edited=\u00a0\u00bbon|phone\u00a0\u00bb header_3_font_size_tablet=\u00a0\u00bb24px\u00a0\u00bb header_3_font_size_phone=\u00a0\u00bb20px\u00a0\u00bb header_3_font_size_last_edited=\u00a0\u00bbon|phone\u00a0\u00bb locked=\u00a0\u00bboff\u00a0\u00bb global_colors_info=\u00a0\u00bb{}\u00a0\u00bb theme_builder_area=\u00a0\u00bbpost_content\u00a0\u00bb sticky_enabled=\u00a0\u00bb0&Prime;]<\/p>\n<h3>1 \u2013 \u00c9dition du site<\/h3>\n<p>En vertu de l&rsquo;article 6 de la loi n\u00b0 2004-575 du 21 juin 2004 pour la confiance dans l&rsquo;\u00e9conomie num\u00e9rique, il est pr\u00e9cis\u00e9 aux utilisateurs du site internet [votre site web] l&rsquo;identit\u00e9 des diff\u00e9rents intervenants dans le cadre de sa r\u00e9alisation et de son suivi :<br \/>Propri\u00e9taire du site : Eaglestone Services SA \u2013 Contact : info@eaglestone.be \u2013 T\u00e9l\u00e9phone : +32 2 486 01 04 \u2013 Adresse : Avenue Louise 489, 1050 Bruxelles.<\/p>\n<p>Identification de l&rsquo;entreprise : Eaglestone Services SA au capital social de X \u2013 SIREN : X \u2013 RCS ou RM : BE 0500.826.935 \u2013 Adresse postale : Avenue Louise 489, 1050 Bruxelles.<\/p>\n<p>Directeur de la publication : Gis\u00e8le Lippolis \u2013 Contact : info@eaglestone.be.<\/p>\n<p>H\u00e9bergeur : Hostinger \u2013 Adresse : Hostinger, UAB, Jonavos g. 60C, 44192.<\/p>\n<p>D\u00e9l\u00e9gu\u00e9 \u00e0 la protection des donn\u00e9es : Gis\u00e8le Lippolis \u2013 Contact : info@eaglestone.be.<\/p>\n<p>Autres contributeurs : X.<\/p>\n<h3>2 \u2013 Propri\u00e9t\u00e9 intellectuelle et contrefa\u00e7ons<\/h3>\n<p>Eaglestone Services SA est propri\u00e9taire des droits de propri\u00e9t\u00e9 intellectuelle et d\u00e9tient les droits d&rsquo;usage sur tous les \u00e9l\u00e9ments accessibles sur le site internet, notamment les textes, images, graphismes, logos, vid\u00e9os, architecture, ic\u00f4nes et sons.<br \/>Toute reproduction, repr\u00e9sentation, modification, publication, adaptation de tout ou partie des \u00e9l\u00e9ments du site, quel que soit le moyen ou le proc\u00e9d\u00e9 utilis\u00e9, est interdite, sauf autorisation \u00e9crite pr\u00e9alable de Eaglestone Services SA.<\/p>\n<p>Toute exploitation non autoris\u00e9e du site ou de l&rsquo;un quelconque des \u00e9l\u00e9ments qu&rsquo;il contient sera consid\u00e9r\u00e9e comme constitutive d&rsquo;une contrefa\u00e7on et poursuivie conform\u00e9ment aux dispositions des articles L.335-2 et suivants du Code de la Propri\u00e9t\u00e9 Intellectuelle.<\/p>\n<h3>3 \u2013 Limitations de responsabilit\u00e9<\/h3>\n<p>Eaglestone Services SA ne pourra \u00eatre tenu pour responsable des dommages directs et indirects caus\u00e9s au mat\u00e9riel de l&rsquo;utilisateur lors de l&rsquo;acc\u00e8s au site [votre site web].<br \/>Eaglestone Services SA d\u00e9cline toute responsabilit\u00e9 quant \u00e0 l&rsquo;utilisation qui pourrait \u00eatre faite des informations et contenus pr\u00e9sents sur [votre site web].<\/p>\n<p>Eaglestone Services SA s&rsquo;engage \u00e0 s\u00e9curiser au mieux le site [votre site web], cependant sa responsabilit\u00e9 ne pourra \u00eatre mise en cause si des donn\u00e9es ind\u00e9sirables sont import\u00e9es et install\u00e9es sur son site \u00e0 son insu.<\/p>\n<p>Des espaces interactifs (espace contact ou commentaires) sont \u00e0 la disposition des utilisateurs. Eaglestone Services SA se r\u00e9serve le droit de supprimer, sans mise en demeure pr\u00e9alable, tout contenu d\u00e9pos\u00e9 dans cet espace qui contreviendrait \u00e0 la l\u00e9gislation applicable en Belgique, en particulier aux dispositions relatives \u00e0 la protection des donn\u00e9es.<\/p>\n<p>Le cas \u00e9ch\u00e9ant, Eaglestone Services SA se r\u00e9serve \u00e9galement la possibilit\u00e9 de mettre en cause la responsabilit\u00e9 civile et\/ou p\u00e9nale de l&rsquo;utilisateur, notamment en cas de message \u00e0 caract\u00e8re raciste, injurieux, diffamant ou pornographique, quel que soit le support utilis\u00e9 (texte, photographie, etc.).<\/p>\n<h3>4 \u2013 CNIL et gestion des donn\u00e9es personnelles<\/h3>\n<p>Conform\u00e9ment aux dispositions de la loi 78-17 du 6 janvier 1978 modifi\u00e9e, l&rsquo;utilisateur du site [votre site web] dispose d&rsquo;un droit d&rsquo;acc\u00e8s, de modification et de suppression des informations collect\u00e9es. Pour exercer ce droit, envoyez un message \u00e0 notre D\u00e9l\u00e9gu\u00e9 \u00e0 la Protection des Donn\u00e9es : info@eaglestone.be.<br \/>Pour plus d&rsquo;informations sur la fa\u00e7on dont nous traitons vos donn\u00e9es (type de donn\u00e9es, finalit\u00e9, destinataire, etc.), lisez notre politique de confidentialit\u00e9 disponible sur [lien vers la politique de confidentialit\u00e9].<\/p>\n<h3>5 \u2013 Liens hypertextes et cookies<\/h3>\n<p>Le site [votre site web] peut contenir des liens hypertextes vers d&rsquo;autres sites et d\u00e9gage toute responsabilit\u00e9 \u00e0 propos de ces liens externes ou des liens cr\u00e9\u00e9s par d&rsquo;autres sites vers [votre site web].<br \/>La navigation sur le site [votre site web] est susceptible de provoquer l&rsquo;installation de cookie(s) sur l&rsquo;ordinateur de l&rsquo;utilisateur.<\/p>\n<p>Un \u00ab\u00a0cookie\u00a0\u00bb est un fichier de petite taille qui enregistre des informations relatives \u00e0 la navigation d&rsquo;un utilisateur sur un site. Les donn\u00e9es ainsi obtenues permettent d&rsquo;obtenir des mesures de fr\u00e9quentation, par exemple.<\/p>\n<p>Vous avez la possibilit\u00e9 d&rsquo;accepter ou de refuser les cookies en modifiant les param\u00e8tres de votre navigateur. Aucun cookie ne sera d\u00e9pos\u00e9 sans votre consentement.<\/p>\n<p>Les cookies sont enregistr\u00e9s pour une dur\u00e9e maximale de 12 mois.<\/p>\n<p>Pour plus d&rsquo;informations sur la fa\u00e7on dont nous utilisons les cookies, lisez notre politique de confidentialit\u00e9 disponible sur [lien vers la politique de confidentialit\u00e9].<\/p>\n<h3>6 \u2013 Droit applicable et attribution de juridiction<\/h3>\n<p>Tout litige en relation avec l&rsquo;utilisation du site [votre site web] est soumis au droit belge. En dehors des cas o\u00f9 la loi ne le permet pas, il est fait attribution exclusive de juridiction aux tribunaux comp\u00e9tents de Bruxelles.<\/p>\n<p>[\/et_pb_text][\/et_pb_column][\/et_pb_row][\/et_pb_section]<\/p>\n","protected":false},"excerpt":{"rendered":"<p>Mentions l\u00e9gales1 \u2013 \u00c9dition du site En vertu de l&rsquo;article 6 de la loi n\u00b0 2004-575 du 21 juin 2004 pour la confiance dans l&rsquo;\u00e9conomie num\u00e9rique, il est pr\u00e9cis\u00e9 aux utilisateurs du site internet [votre site web] l&rsquo;identit\u00e9 des diff\u00e9rents intervenants dans le cadre de sa r\u00e9alisation et de son suivi :Propri\u00e9taire du site : Eaglestone Services SA \u2013 Contact : info@eaglestone.be \u2013 T\u00e9l\u00e9phone : +32 2 486 01 04 \u2013 Adresse : Avenue Louise 489, 1050 Bruxelles. Identification de l&rsquo;entreprise : Eaglestone Services SA au capital social de X \u2013 SIREN : X \u2013 RCS ou RM : BE 0500.826.935 \u2013 Adresse postale : Avenue Louise 489, 1050 Bruxelles. Directeur de la publication : Gis\u00e8le Lippolis \u2013 Contact : info@eaglestone.be. H\u00e9bergeur : Hostinger \u2013 Adresse : Hostinger, UAB, Jonavos g. 60C, 44192. D\u00e9l\u00e9gu\u00e9 \u00e0 la protection des donn\u00e9es : Gis\u00e8le Lippolis \u2013 Contact : info@eaglestone.be. Autres contributeurs : X. 2 \u2013 Propri\u00e9t\u00e9 intellectuelle et contrefa\u00e7ons Eaglestone Services SA est propri\u00e9taire des droits de propri\u00e9t\u00e9 intellectuelle et d\u00e9tient les droits d&rsquo;usage sur tous les \u00e9l\u00e9ments accessibles sur le site internet, notamment les textes, images, graphismes, logos, vid\u00e9os, architecture, ic\u00f4nes et sons.Toute reproduction, repr\u00e9sentation, modification, publication, adaptation de tout ou partie [&hellip;]<\/p>\n","protected":false},"author":1,"featured_media":0,"parent":0,"menu_order":0,"comment_status":"closed","ping_status":"closed","template":"","meta":{"_et_pb_use_builder":"on","_et_pb_old_content":"","_et_gb_content_width":"","footnotes":""},"difl_page_category":[],"class_list":["post-278051","page","type-page","status-publish","hentry"],"yoast_head":"<!-- This site is optimized with the Yoast SEO plugin v27.3 - https:\/\/yoast.com\/product\/yoast-seo-wordpress\/ -->\n<title>Mentions l\u00e9gales - Upperside<\/title>\n<meta name=\"robots\" content=\"noindex, follow\" \/>\n<meta property=\"og:locale\" content=\"en_US\" \/>\n<meta property=\"og:type\" content=\"article\" \/>\n<meta property=\"og:title\" content=\"Mentions l\u00e9gales - Upperside\" \/>\n<meta property=\"og:description\" content=\"Mentions l\u00e9gales1 \u2013 \u00c9dition du site En vertu de l&#039;article 6 de la loi n\u00b0 2004-575 du 21 juin 2004 pour la confiance dans l&#039;\u00e9conomie num\u00e9rique, il est pr\u00e9cis\u00e9 aux utilisateurs du site internet [votre site web] l&#039;identit\u00e9 des diff\u00e9rents intervenants dans le cadre de sa r\u00e9alisation et de son suivi :Propri\u00e9taire du site : Eaglestone Services SA \u2013 Contact : info@eaglestone.be \u2013 T\u00e9l\u00e9phone : +32 2 486 01 04 \u2013 Adresse : Avenue Louise 489, 1050 Bruxelles. Identification de l&#039;entreprise : Eaglestone Services SA au capital social de X \u2013 SIREN : X \u2013 RCS ou RM : BE 0500.826.935 \u2013 Adresse postale : Avenue Louise 489, 1050 Bruxelles. Directeur de la publication : Gis\u00e8le Lippolis \u2013 Contact : info@eaglestone.be. H\u00e9bergeur : Hostinger \u2013 Adresse : Hostinger, UAB, Jonavos g. 60C, 44192. D\u00e9l\u00e9gu\u00e9 \u00e0 la protection des donn\u00e9es : Gis\u00e8le Lippolis \u2013 Contact : info@eaglestone.be. Autres contributeurs : X. 2 \u2013 Propri\u00e9t\u00e9 intellectuelle et contrefa\u00e7ons Eaglestone Services SA est propri\u00e9taire des droits de propri\u00e9t\u00e9 intellectuelle et d\u00e9tient les droits d&#039;usage sur tous les \u00e9l\u00e9ments accessibles sur le site internet, notamment les textes, images, graphismes, logos, vid\u00e9os, architecture, ic\u00f4nes et sons.Toute reproduction, repr\u00e9sentation, modification, publication, adaptation de tout ou partie [&hellip;]\" \/>\n<meta property=\"og:url\" content=\"https:\/\/upperside.lu\/en\/legal-notice\/\" \/>\n<meta property=\"og:site_name\" content=\"Upperside\" \/>\n<meta property=\"article:modified_time\" content=\"2023-06-05T13:33:05+00:00\" \/>\n<meta name=\"twitter:card\" content=\"summary_large_image\" \/>\n<script type=\"application\/ld+json\" class=\"yoast-schema-graph\">{\"@context\":\"https:\\\/\\\/schema.org\",\"@graph\":[{\"@type\":\"WebPage\",\"@id\":\"https:\\\/\\\/upperside.lu\\\/mentions-legales\\\/\",\"url\":\"https:\\\/\\\/upperside.lu\\\/mentions-legales\\\/\",\"name\":\"Mentions l\u00e9gales - Upperside\",\"isPartOf\":{\"@id\":\"https:\\\/\\\/upperside.lu\\\/#website\"},\"datePublished\":\"2023-06-05T13:02:31+00:00\",\"dateModified\":\"2023-06-05T13:33:05+00:00\",\"breadcrumb\":{\"@id\":\"https:\\\/\\\/upperside.lu\\\/mentions-legales\\\/#breadcrumb\"},\"inLanguage\":\"en-US\",\"potentialAction\":[{\"@type\":\"ReadAction\",\"target\":[\"https:\\\/\\\/upperside.lu\\\/mentions-legales\\\/\"]}]},{\"@type\":\"BreadcrumbList\",\"@id\":\"https:\\\/\\\/upperside.lu\\\/mentions-legales\\\/#breadcrumb\",\"itemListElement\":[{\"@type\":\"ListItem\",\"position\":1,\"name\":\"Accueil\",\"item\":\"https:\\\/\\\/upperside.lu\\\/\"},{\"@type\":\"ListItem\",\"position\":2,\"name\":\"Mentions l\u00e9gales\"}]},{\"@type\":\"WebSite\",\"@id\":\"https:\\\/\\\/upperside.lu\\\/#website\",\"url\":\"https:\\\/\\\/upperside.lu\\\/\",\"name\":\"Upperside\",\"description\":\"\",\"publisher\":{\"@id\":\"https:\\\/\\\/upperside.lu\\\/#organization\"},\"potentialAction\":[{\"@type\":\"SearchAction\",\"target\":{\"@type\":\"EntryPoint\",\"urlTemplate\":\"https:\\\/\\\/upperside.lu\\\/?s={search_term_string}\"},\"query-input\":{\"@type\":\"PropertyValueSpecification\",\"valueRequired\":true,\"valueName\":\"search_term_string\"}}],\"inLanguage\":\"en-US\"},{\"@type\":\"Organization\",\"@id\":\"https:\\\/\\\/upperside.lu\\\/#organization\",\"name\":\"Upperside\",\"url\":\"https:\\\/\\\/upperside.lu\\\/\",\"logo\":{\"@type\":\"ImageObject\",\"inLanguage\":\"en-US\",\"@id\":\"https:\\\/\\\/upperside.lu\\\/#\\\/schema\\\/logo\\\/image\\\/\",\"url\":\"https:\\\/\\\/upperside.lu\\\/wp-content\\\/uploads\\\/2023\\\/04\\\/Upperside-Logo-classic.png\",\"contentUrl\":\"https:\\\/\\\/upperside.lu\\\/wp-content\\\/uploads\\\/2023\\\/04\\\/Upperside-Logo-classic.png\",\"width\":1906,\"height\":1080,\"caption\":\"Upperside\"},\"image\":{\"@id\":\"https:\\\/\\\/upperside.lu\\\/#\\\/schema\\\/logo\\\/image\\\/\"}}]}<\/script>\n<!-- \/ Yoast SEO plugin. -->","yoast_head_json":{"title":"Legal information - Upperside","robots":{"index":"noindex","follow":"follow"},"og_locale":"en_US","og_type":"article","og_title":"Mentions l\u00e9gales - Upperside","og_description":"Mentions l\u00e9gales1 \u2013 \u00c9dition du site En vertu de l'article 6 de la loi n\u00b0 2004-575 du 21 juin 2004 pour la confiance dans l'\u00e9conomie num\u00e9rique, il est pr\u00e9cis\u00e9 aux utilisateurs du site internet [votre site web] l'identit\u00e9 des diff\u00e9rents intervenants dans le cadre de sa r\u00e9alisation et de son suivi :Propri\u00e9taire du site : Eaglestone Services SA \u2013 Contact : info@eaglestone.be \u2013 T\u00e9l\u00e9phone : +32 2 486 01 04 \u2013 Adresse : Avenue Louise 489, 1050 Bruxelles. Identification de l'entreprise : Eaglestone Services SA au capital social de X \u2013 SIREN : X \u2013 RCS ou RM : BE 0500.826.935 \u2013 Adresse postale : Avenue Louise 489, 1050 Bruxelles. Directeur de la publication : Gis\u00e8le Lippolis \u2013 Contact : info@eaglestone.be. H\u00e9bergeur : Hostinger \u2013 Adresse : Hostinger, UAB, Jonavos g. 60C, 44192. D\u00e9l\u00e9gu\u00e9 \u00e0 la protection des donn\u00e9es : Gis\u00e8le Lippolis \u2013 Contact : info@eaglestone.be. Autres contributeurs : X. 2 \u2013 Propri\u00e9t\u00e9 intellectuelle et contrefa\u00e7ons Eaglestone Services SA est propri\u00e9taire des droits de propri\u00e9t\u00e9 intellectuelle et d\u00e9tient les droits d'usage sur tous les \u00e9l\u00e9ments accessibles sur le site internet, notamment les textes, images, graphismes, logos, vid\u00e9os, architecture, ic\u00f4nes et sons.Toute reproduction, repr\u00e9sentation, modification, publication, adaptation de tout ou partie [&hellip;]","og_url":"https:\/\/upperside.lu\/en\/legal-notice\/","og_site_name":"Upperside","article_modified_time":"2023-06-05T13:33:05+00:00","twitter_card":"summary_large_image","schema":{"@context":"https:\/\/schema.org","@graph":[{"@type":"WebPage","@id":"https:\/\/upperside.lu\/mentions-legales\/","url":"https:\/\/upperside.lu\/mentions-legales\/","name":"Legal information - Upperside","isPartOf":{"@id":"https:\/\/upperside.lu\/#website"},"datePublished":"2023-06-05T13:02:31+00:00","dateModified":"2023-06-05T13:33:05+00:00","breadcrumb":{"@id":"https:\/\/upperside.lu\/mentions-legales\/#breadcrumb"},"inLanguage":"en-US","potentialAction":[{"@type":"ReadAction","target":["https:\/\/upperside.lu\/mentions-legales\/"]}]},{"@type":"BreadcrumbList","@id":"https:\/\/upperside.lu\/mentions-legales\/#breadcrumb","itemListElement":[{"@type":"ListItem","position":1,"name":"Accueil","item":"https:\/\/upperside.lu\/"},{"@type":"ListItem","position":2,"name":"Mentions l\u00e9gales"}]},{"@type":"WebSite","@id":"https:\/\/upperside.lu\/#website","url":"https:\/\/upperside.lu\/","name":"Upperside","description":"","publisher":{"@id":"https:\/\/upperside.lu\/#organization"},"potentialAction":[{"@type":"SearchAction","target":{"@type":"EntryPoint","urlTemplate":"https:\/\/upperside.lu\/?s={search_term_string}"},"query-input":{"@type":"PropertyValueSpecification","valueRequired":true,"valueName":"search_term_string"}}],"inLanguage":"en-US"},{"@type":"Organization","@id":"https:\/\/upperside.lu\/#organization","name":"Upperside","url":"https:\/\/upperside.lu\/","logo":{"@type":"ImageObject","inLanguage":"en-US","@id":"https:\/\/upperside.lu\/#\/schema\/logo\/image\/","url":"https:\/\/upperside.lu\/wp-content\/uploads\/2023\/04\/Upperside-Logo-classic.png","contentUrl":"https:\/\/upperside.lu\/wp-content\/uploads\/2023\/04\/Upperside-Logo-classic.png","width":1906,"height":1080,"caption":"Upperside"},"image":{"@id":"https:\/\/upperside.lu\/#\/schema\/logo\/image\/"}}]}},"_links":{"self":[{"href":"https:\/\/upperside.lu\/en\/wp-json\/wp\/v2\/pages\/278051","targetHints":{"allow":["GET"]}}],"collection":[{"href":"https:\/\/upperside.lu\/en\/wp-json\/wp\/v2\/pages"}],"about":[{"href":"https:\/\/upperside.lu\/en\/wp-json\/wp\/v2\/types\/page"}],"author":[{"embeddable":true,"href":"https:\/\/upperside.lu\/en\/wp-json\/wp\/v2\/users\/1"}],"replies":[{"embeddable":true,"href":"https:\/\/upperside.lu\/en\/wp-json\/wp\/v2\/comments?post=278051"}],"version-history":[{"count":4,"href":"https:\/\/upperside.lu\/en\/wp-json\/wp\/v2\/pages\/278051\/revisions"}],"predecessor-version":[{"id":278058,"href":"https:\/\/upperside.lu\/en\/wp-json\/wp\/v2\/pages\/278051\/revisions\/278058"}],"wp:attachment":[{"href":"https:\/\/upperside.lu\/en\/wp-json\/wp\/v2\/media?parent=278051"}],"wp:term":[{"taxonomy":"difl_page_category","embeddable":true,"href":"https:\/\/upperside.lu\/en\/wp-json\/wp\/v2\/difl_page_category?post=278051"}],"curies":[{"name":"wp","href":"https:\/\/api.w.org\/{rel}","templated":true}]}}