{"id":278049,"date":"2023-06-05T13:02:10","date_gmt":"2023-06-05T13:02:10","guid":{"rendered":"https:\/\/upperside.testpw.link\/?page_id=278049"},"modified":"2023-06-05T13:39:48","modified_gmt":"2023-06-05T13:39:48","slug":"privacy-policy","status":"publish","type":"page","link":"https:\/\/upperside.lu\/en\/politique-de-confidentialite\/","title":{"rendered":"Privacy policy"},"content":{"rendered":"<p>[et_pb_section fb_built=\u00a0\u00bb1&Prime; custom_padding_last_edited=\u00a0\u00bbon|tablet\u00a0\u00bb _builder_version=\u00a0\u00bb4.20.4&Prime; _module_preset=\u00a0\u00bbdefault\u00a0\u00bb background_color=\u00a0\u00bb#003A34&Prime; custom_padding=\u00a0\u00bb6%||0px||false|false\u00a0\u00bb custom_padding_tablet=\u00a0\u00bb20%||0px||false|false\u00a0\u00bb custom_padding_phone=\u00a0\u00bb30%||0px||false|false\u00a0\u00bb locked=\u00a0\u00bboff\u00a0\u00bb global_colors_info=\u00a0\u00bb{}\u00a0\u00bb theme_builder_area=\u00a0\u00bbpost_content\u00a0\u00bb][et_pb_row column_structure=\u00a0\u00bb1_2,1_2&Prime; custom_padding_last_edited=\u00a0\u00bbon|phone\u00a0\u00bb _builder_version=\u00a0\u00bb4.21.0&Prime; _module_preset=\u00a0\u00bbdefault\u00a0\u00bb width=\u00a0\u00bb100%\u00a0\u00bb width_tablet=\u00a0\u00bb100%\u00a0\u00bb width_phone=\u00a0\u00bb100%\u00a0\u00bb width_last_edited=\u00a0\u00bbon|desktop\u00a0\u00bb max_width=\u00a0\u00bb100%\u00a0\u00bb max_width_tablet=\u00a0\u00bb100%\u00a0\u00bb max_width_phone=\u00a0\u00bb100%\u00a0\u00bb max_width_last_edited=\u00a0\u00bbon|desktop\u00a0\u00bb custom_margin=\u00a0\u00bb0px||0px||true|false\u00a0\u00bb custom_padding=\u00a0\u00bb0px||0px||false|false\u00a0\u00bb custom_padding_tablet=\u00a0\u00bb0px||0px||false|false\u00a0\u00bb custom_padding_phone=\u00a0\u00bb60px||0px||false|false\u00a0\u00bb custom_css_main_element=\u00a0\u00bbdisplay:flex;||align-items:center;\u00a0\u00bb global_colors_info=\u00a0\u00bb{}\u00a0\u00bb custom_css_main_element_last_edited=\u00a0\u00bbon|tablet\u00a0\u00bb custom_css_main_element_tablet=\u00a0\u00bbdisplay:flex;||flex-direction:column-reverse;\u00a0\u00bb custom_css_main_element_phone=\u00a0\u00bbdisplay:flex;||flex-direction:column-reverse;\u00a0\u00bb theme_builder_area=\u00a0\u00bbpost_content\u00a0\u00bb][et_pb_column type=\u00a0\u00bb1_2&Prime; _builder_version=\u00a0\u00bb4.20.4&Prime; _module_preset=\u00a0\u00bbdefault\u00a0\u00bb background_enable_color=\u00a0\u00bboff\u00a0\u00bb background_enable_image=\u00a0\u00bboff\u00a0\u00bb global_colors_info=\u00a0\u00bb{}\u00a0\u00bb theme_builder_area=\u00a0\u00bbpost_content\u00a0\u00bb][et_pb_image src=\u00a0\u00bbhttps:\/\/upperside.lu\/wp-content\/uploads\/2023\/05\/Upperside-Investir-2.png\u00a0\u00bb alt=\u00a0\u00bbUpperside &#8211; Batiment Kirchberg Luxembourg\u00a0\u00bb title_text=\u00a0\u00bbUpperside &#8211; Investir 2&Prime; _builder_version=\u00a0\u00bb4.21.0&Prime; _module_preset=\u00a0\u00bbdefault\u00a0\u00bb max_width=\u00a0\u00bb85%\u00a0\u00bb max_width_tablet=\u00a0\u00bb100%\u00a0\u00bb max_width_phone=\u00a0\u00bb100%\u00a0\u00bb max_width_last_edited=\u00a0\u00bbon|tablet\u00a0\u00bb animation_style=\u00a0\u00bbfade\u00a0\u00bb animation_delay=\u00a0\u00bb150ms\u00a0\u00bb animation_starting_opacity=\u00a0\u00bb40%\u00a0\u00bb animation_speed_curve=\u00a0\u00bbease-in\u00a0\u00bb global_colors_info=\u00a0\u00bb{}\u00a0\u00bb theme_builder_area=\u00a0\u00bbpost_content\u00a0\u00bb][\/et_pb_image][\/et_pb_column][et_pb_column type=\u00a0\u00bb1_2&Prime; _builder_version=\u00a0\u00bb4.20.4&Prime; _module_preset=\u00a0\u00bbdefault\u00a0\u00bb background_enable_color=\u00a0\u00bboff\u00a0\u00bb custom_padding=\u00a0\u00bb|150px|||false|false\u00a0\u00bb custom_padding_tablet=\u00a0\u00bb60px|0px|||false|false\u00a0\u00bb custom_padding_phone=\u00a0\u00bb60px|0px|||false|false\u00a0\u00bb custom_padding_last_edited=\u00a0\u00bbon|tablet\u00a0\u00bb global_colors_info=\u00a0\u00bb{}\u00a0\u00bb theme_builder_area=\u00a0\u00bbpost_content\u00a0\u00bb][et_pb_text _builder_version=\u00a0\u00bb4.21.0&Prime; _module_preset=\u00a0\u00bbdefault\u00a0\u00bb header_font=\u00a0\u00bbPlayFair Regular||||||||\u00a0\u00bb header_text_align=\u00a0\u00bbcenter\u00a0\u00bb header_text_color=\u00a0\u00bb#ffffff\u00a0\u00bb header_font_size=\u00a0\u00bb54px\u00a0\u00bb header_line_height=\u00a0\u00bb1.3em\u00a0\u00bb width=\u00a0\u00bb100%\u00a0\u00bb width_tablet=\u00a0\u00bb100%\u00a0\u00bb width_phone=\u00a0\u00bb100%\u00a0\u00bb width_last_edited=\u00a0\u00bbon|desktop\u00a0\u00bb max_width=\u00a0\u00bb100%\u00a0\u00bb max_width_tablet=\u00a0\u00bb80%\u00a0\u00bb max_width_phone=\u00a0\u00bb90%\u00a0\u00bb max_width_last_edited=\u00a0\u00bbon|phone\u00a0\u00bb module_alignment=\u00a0\u00bbleft\u00a0\u00bb custom_margin=\u00a0\u00bb||60px||false|false\u00a0\u00bb custom_margin_tablet=\u00a0\u00bb||30px||false|false\u00a0\u00bb custom_margin_phone=\u00a0\u00bb||30px||false|false\u00a0\u00bb custom_margin_last_edited=\u00a0\u00bbon|tablet\u00a0\u00bb animation_style=\u00a0\u00bbslide\u00a0\u00bb animation_direction=\u00a0\u00bbbottom\u00a0\u00bb hover_enabled=\u00a0\u00bb0&Prime; header_font_size_tablet=\u00a0\u00bb52px\u00a0\u00bb header_font_size_phone=\u00a0\u00bb30px\u00a0\u00bb header_font_size_last_edited=\u00a0\u00bbon|phone\u00a0\u00bb module_alignment_tablet=\u00a0\u00bbcenter\u00a0\u00bb module_alignment_phone=\u00a0\u00bbcenter\u00a0\u00bb module_alignment_last_edited=\u00a0\u00bbon|tablet\u00a0\u00bb global_colors_info=\u00a0\u00bb{}\u00a0\u00bb theme_builder_area=\u00a0\u00bbpost_content\u00a0\u00bb sticky_enabled=\u00a0\u00bb0&Prime;]<\/p>\n<h1>Politique de confidentialit\u00e9<\/h1>\n<p>[\/et_pb_text][\/et_pb_column][\/et_pb_row][\/et_pb_section][et_pb_section fb_built=\u00a0\u00bb1&Prime; admin_label=\u00a0\u00bbFeature\u00a0\u00bb _builder_version=\u00a0\u00bb4.20.4&Prime; _module_preset=\u00a0\u00bbdefault\u00a0\u00bb background_color=\u00a0\u00bb#EDEDED\u00a0\u00bb custom_margin=\u00a0\u00bb||0px||false|false\u00a0\u00bb locked=\u00a0\u00bboff\u00a0\u00bb global_colors_info=\u00a0\u00bb{}\u00a0\u00bb theme_builder_area=\u00a0\u00bbpost_content\u00a0\u00bb][et_pb_row _builder_version=\u00a0\u00bb4.21.0&Prime; _module_preset=\u00a0\u00bbdefault\u00a0\u00bb animation_style=\u00a0\u00bbfade\u00a0\u00bb global_colors_info=\u00a0\u00bb{}\u00a0\u00bb theme_builder_area=\u00a0\u00bbpost_content\u00a0\u00bb][et_pb_column type=\u00a0\u00bb4_4&Prime; _builder_version=\u00a0\u00bb4.16&Prime; _module_preset=\u00a0\u00bbdefault\u00a0\u00bb global_colors_info=\u00a0\u00bb{}\u00a0\u00bb theme_builder_area=\u00a0\u00bbpost_content\u00a0\u00bb][et_pb_text _builder_version=\u00a0\u00bb4.21.0&Prime; _module_preset=\u00a0\u00bbdefault\u00a0\u00bb text_font=\u00a0\u00bbAvenir Regular book||||||||\u00a0\u00bb text_text_color=\u00a0\u00bb#000000&Prime; text_font_size=\u00a0\u00bb17px\u00a0\u00bb text_line_height=\u00a0\u00bb1.8em\u00a0\u00bb header_3_font=\u00a0\u00bbPlayFair Regular||||||||\u00a0\u00bb header_3_font_size=\u00a0\u00bb30px\u00a0\u00bb header_3_line_height=\u00a0\u00bb1.2em\u00a0\u00bb hover_enabled=\u00a0\u00bb0&Prime; text_font_size_tablet=\u00a0\u00bb\u00a0\u00bb text_font_size_phone=\u00a0\u00bb14px\u00a0\u00bb text_font_size_last_edited=\u00a0\u00bbon|phone\u00a0\u00bb header_3_font_size_tablet=\u00a0\u00bb24px\u00a0\u00bb header_3_font_size_phone=\u00a0\u00bb20px\u00a0\u00bb header_3_font_size_last_edited=\u00a0\u00bbon|phone\u00a0\u00bb locked=\u00a0\u00bboff\u00a0\u00bb global_colors_info=\u00a0\u00bb{}\u00a0\u00bb theme_builder_area=\u00a0\u00bbpost_content\u00a0\u00bb sticky_enabled=\u00a0\u00bb0&Prime;]<\/p>\n<h3>ARTICLE 1 : Collecte de vos informations<\/h3>\n<p>Nous recueillons des informations lorsque vous remplissez nos formulaires de contact.<\/p>\n<p>Nous pouvons collecter les informations suivantes : votre adresse e-mail, votre num\u00e9ro de t\u00e9l\u00e9phone.<\/p>\n<p>En outre, nous pouvons recevoir et enregistrer automatiquement des informations \u00e0 partir de votre ordinateur et navigateur, y compris votre adresse IP, vos logiciels et votre mat\u00e9riel, et la page que vous demandez selon vos pr\u00e9f\u00e9rences cookies que vous avez s\u00e9lectionn\u00e9 via notre bandeau.<\/p>\n<h3>ARTICLE 2 : Utilisation de vos informations<\/h3>\n<p>Toutes les informations que nous recueillons de votre part peuvent \u00eatre utilis\u00e9es pour vous contacter de mani\u00e8re plus efficace.<\/p>\n<h3>ARTICLE 3 : Confidentialit\u00e9 de vos donn\u00e9es<\/h3>\n<p>Nous sommes les seuls propri\u00e9taires des informations recueillies sur notre site. Vos informations personnelles ne seront pas vendues, \u00e9chang\u00e9es, transf\u00e9r\u00e9es ou donn\u00e9es \u00e0 une autre soci\u00e9t\u00e9 pour quelque raison que ce soit, sans votre consentement.<\/p>\n<h3>ARTICLE 4 : Divulgation des tiers<\/h3>\n<p>Nous ne vendons, n&rsquo;\u00e9changeons et ne transf\u00e9rons pas vos informations personnelles identifiables \u00e0 des tiers. Cela ne comprend pas les tierces parties de confiance qui nous aident \u00e0 exploiter notre site web ou \u00e0 mener nos affaires, tant que ces parties conviennent de garder ces informations confidentielles.<\/p>\n<h3>ARTICLE 5 : Protection de vos informations<\/h3>\n<p>Nous mettons en \u0153uvre une vari\u00e9t\u00e9 de mesures de s\u00e9curit\u00e9 pour pr\u00e9server la s\u00e9curit\u00e9 de vos informations personnelles. Nous utilisons un cryptage \u00e0 la pointe de la technologie pour prot\u00e9ger les informations sensibles transmises en ligne. Notre site internet poss\u00e8de \u00e9galement un Certificat SSL (Secure Socket Layer) pour assurer la s\u00e9curit\u00e9 des donn\u00e9es.<\/p>\n<h3>ARTICLE 6 : Copie ou suppression de vos informations<\/h3>\n<p>Nous stockons les donn\u00e9es transmises via nos diff\u00e9rents formulaires de contact. Cependant, vous avez la possibilit\u00e9 de nous contacter par e-mail \u00e0 info@eaglestone.be ou par t\u00e9l\u00e9phone au +32 2 486 01 04 pour toute demande de copie ou de suppression de vos donn\u00e9es personnelles que nous stockons.<\/p>\n<h3>ARTICLE 7 : Consentement \u00e0 notre politique<\/h3>\n<p>En utilisant notre site, vous consentez \u00e0 notre politique de confidentialit\u00e9 et comprenez qu&rsquo;elle puisse \u00eatre modifi\u00e9e \u00e0 tout moment par l&rsquo;\u00e9diteur.<\/p>\n<h3>ARTICLE 8 : Politique de l&rsquo;h\u00e9bergeur<\/h3>\n<p>Notre h\u00e9bergeur Hostinger poss\u00e8de sa propre politique de confidentialit\u00e9 concernant l&rsquo;utilisation de vos donn\u00e9es que vous pouvez consulter \u00e0 tout moment sur leur site : [lien vers la politique de confidentialit\u00e9 Hostinger].<\/p>\n<p>Si vous avez des questions ou des pr\u00e9occupations concernant notre politique de confidentialit\u00e9, n&rsquo;h\u00e9sitez pas \u00e0 nous contacter.[\/et_pb_text][\/et_pb_column][\/et_pb_row][\/et_pb_section]<\/p>\n","protected":false},"excerpt":{"rendered":"<p>Politique de confidentialit\u00e9ARTICLE 1 : Collecte de vos informations Nous recueillons des informations lorsque vous remplissez nos formulaires de contact. Nous pouvons collecter les informations suivantes : votre adresse e-mail, votre num\u00e9ro de t\u00e9l\u00e9phone. En outre, nous pouvons recevoir et enregistrer automatiquement des informations \u00e0 partir de votre ordinateur et navigateur, y compris votre adresse IP, vos logiciels et votre mat\u00e9riel, et la page que vous demandez selon vos pr\u00e9f\u00e9rences cookies que vous avez s\u00e9lectionn\u00e9 via notre bandeau. ARTICLE 2 : Utilisation de vos informations Toutes les informations que nous recueillons de votre part peuvent \u00eatre utilis\u00e9es pour vous contacter de mani\u00e8re plus efficace. ARTICLE 3 : Confidentialit\u00e9 de vos donn\u00e9es Nous sommes les seuls propri\u00e9taires des informations recueillies sur notre site. Vos informations personnelles ne seront pas vendues, \u00e9chang\u00e9es, transf\u00e9r\u00e9es ou donn\u00e9es \u00e0 une autre soci\u00e9t\u00e9 pour quelque raison que ce soit, sans votre consentement. ARTICLE 4 : Divulgation des tiers Nous ne vendons, n&rsquo;\u00e9changeons et ne transf\u00e9rons pas vos informations personnelles identifiables \u00e0 des tiers. Cela ne comprend pas les tierces parties de confiance qui nous aident \u00e0 exploiter notre site web ou \u00e0 mener nos affaires, tant que ces parties conviennent de garder ces informations confidentielles. ARTICLE [&hellip;]<\/p>\n","protected":false},"author":1,"featured_media":0,"parent":0,"menu_order":0,"comment_status":"closed","ping_status":"closed","template":"","meta":{"_et_pb_use_builder":"on","_et_pb_old_content":"<!-- wp:divi\/placeholder \/-->","_et_gb_content_width":"","footnotes":""},"difl_page_category":[],"class_list":["post-278049","page","type-page","status-publish","hentry"],"yoast_head":"<!-- This site is optimized with the Yoast SEO plugin v27.3 - https:\/\/yoast.com\/product\/yoast-seo-wordpress\/ -->\n<title>Politique de confidentialit\u00e9 - Upperside<\/title>\n<meta name=\"robots\" content=\"noindex, follow\" \/>\n<meta property=\"og:locale\" content=\"en_US\" \/>\n<meta property=\"og:type\" content=\"article\" \/>\n<meta property=\"og:title\" content=\"Politique de confidentialit\u00e9 - Upperside\" \/>\n<meta property=\"og:description\" content=\"Politique de confidentialit\u00e9ARTICLE 1 : Collecte de vos informations Nous recueillons des informations lorsque vous remplissez nos formulaires de contact. Nous pouvons collecter les informations suivantes : votre adresse e-mail, votre num\u00e9ro de t\u00e9l\u00e9phone. En outre, nous pouvons recevoir et enregistrer automatiquement des informations \u00e0 partir de votre ordinateur et navigateur, y compris votre adresse IP, vos logiciels et votre mat\u00e9riel, et la page que vous demandez selon vos pr\u00e9f\u00e9rences cookies que vous avez s\u00e9lectionn\u00e9 via notre bandeau. ARTICLE 2 : Utilisation de vos informations Toutes les informations que nous recueillons de votre part peuvent \u00eatre utilis\u00e9es pour vous contacter de mani\u00e8re plus efficace. ARTICLE 3 : Confidentialit\u00e9 de vos donn\u00e9es Nous sommes les seuls propri\u00e9taires des informations recueillies sur notre site. Vos informations personnelles ne seront pas vendues, \u00e9chang\u00e9es, transf\u00e9r\u00e9es ou donn\u00e9es \u00e0 une autre soci\u00e9t\u00e9 pour quelque raison que ce soit, sans votre consentement. ARTICLE 4 : Divulgation des tiers Nous ne vendons, n&#039;\u00e9changeons et ne transf\u00e9rons pas vos informations personnelles identifiables \u00e0 des tiers. Cela ne comprend pas les tierces parties de confiance qui nous aident \u00e0 exploiter notre site web ou \u00e0 mener nos affaires, tant que ces parties conviennent de garder ces informations confidentielles. ARTICLE [&hellip;]\" \/>\n<meta property=\"og:url\" content=\"https:\/\/upperside.lu\/en\/privacy-policy\/\" \/>\n<meta property=\"og:site_name\" content=\"Upperside\" \/>\n<meta property=\"article:modified_time\" content=\"2023-06-05T13:39:48+00:00\" \/>\n<meta name=\"twitter:card\" content=\"summary_large_image\" \/>\n<script type=\"application\/ld+json\" class=\"yoast-schema-graph\">{\"@context\":\"https:\\\/\\\/schema.org\",\"@graph\":[{\"@type\":\"WebPage\",\"@id\":\"https:\\\/\\\/upperside.lu\\\/politique-de-confidentialite\\\/\",\"url\":\"https:\\\/\\\/upperside.lu\\\/politique-de-confidentialite\\\/\",\"name\":\"Politique de confidentialit\u00e9 - Upperside\",\"isPartOf\":{\"@id\":\"https:\\\/\\\/upperside.lu\\\/#website\"},\"datePublished\":\"2023-06-05T13:02:10+00:00\",\"dateModified\":\"2023-06-05T13:39:48+00:00\",\"breadcrumb\":{\"@id\":\"https:\\\/\\\/upperside.lu\\\/politique-de-confidentialite\\\/#breadcrumb\"},\"inLanguage\":\"en-US\",\"potentialAction\":[{\"@type\":\"ReadAction\",\"target\":[\"https:\\\/\\\/upperside.lu\\\/politique-de-confidentialite\\\/\"]}]},{\"@type\":\"BreadcrumbList\",\"@id\":\"https:\\\/\\\/upperside.lu\\\/politique-de-confidentialite\\\/#breadcrumb\",\"itemListElement\":[{\"@type\":\"ListItem\",\"position\":1,\"name\":\"Accueil\",\"item\":\"https:\\\/\\\/upperside.lu\\\/\"},{\"@type\":\"ListItem\",\"position\":2,\"name\":\"Politique de confidentialit\u00e9\"}]},{\"@type\":\"WebSite\",\"@id\":\"https:\\\/\\\/upperside.lu\\\/#website\",\"url\":\"https:\\\/\\\/upperside.lu\\\/\",\"name\":\"Upperside\",\"description\":\"\",\"publisher\":{\"@id\":\"https:\\\/\\\/upperside.lu\\\/#organization\"},\"potentialAction\":[{\"@type\":\"SearchAction\",\"target\":{\"@type\":\"EntryPoint\",\"urlTemplate\":\"https:\\\/\\\/upperside.lu\\\/?s={search_term_string}\"},\"query-input\":{\"@type\":\"PropertyValueSpecification\",\"valueRequired\":true,\"valueName\":\"search_term_string\"}}],\"inLanguage\":\"en-US\"},{\"@type\":\"Organization\",\"@id\":\"https:\\\/\\\/upperside.lu\\\/#organization\",\"name\":\"Upperside\",\"url\":\"https:\\\/\\\/upperside.lu\\\/\",\"logo\":{\"@type\":\"ImageObject\",\"inLanguage\":\"en-US\",\"@id\":\"https:\\\/\\\/upperside.lu\\\/#\\\/schema\\\/logo\\\/image\\\/\",\"url\":\"https:\\\/\\\/upperside.lu\\\/wp-content\\\/uploads\\\/2023\\\/04\\\/Upperside-Logo-classic.png\",\"contentUrl\":\"https:\\\/\\\/upperside.lu\\\/wp-content\\\/uploads\\\/2023\\\/04\\\/Upperside-Logo-classic.png\",\"width\":1906,\"height\":1080,\"caption\":\"Upperside\"},\"image\":{\"@id\":\"https:\\\/\\\/upperside.lu\\\/#\\\/schema\\\/logo\\\/image\\\/\"}}]}<\/script>\n<!-- \/ Yoast SEO plugin. -->","yoast_head_json":{"title":"Privacy policy - Upperside","robots":{"index":"noindex","follow":"follow"},"og_locale":"en_US","og_type":"article","og_title":"Politique de confidentialit\u00e9 - Upperside","og_description":"Politique de confidentialit\u00e9ARTICLE 1 : Collecte de vos informations Nous recueillons des informations lorsque vous remplissez nos formulaires de contact. Nous pouvons collecter les informations suivantes : votre adresse e-mail, votre num\u00e9ro de t\u00e9l\u00e9phone. En outre, nous pouvons recevoir et enregistrer automatiquement des informations \u00e0 partir de votre ordinateur et navigateur, y compris votre adresse IP, vos logiciels et votre mat\u00e9riel, et la page que vous demandez selon vos pr\u00e9f\u00e9rences cookies que vous avez s\u00e9lectionn\u00e9 via notre bandeau. ARTICLE 2 : Utilisation de vos informations Toutes les informations que nous recueillons de votre part peuvent \u00eatre utilis\u00e9es pour vous contacter de mani\u00e8re plus efficace. ARTICLE 3 : Confidentialit\u00e9 de vos donn\u00e9es Nous sommes les seuls propri\u00e9taires des informations recueillies sur notre site. Vos informations personnelles ne seront pas vendues, \u00e9chang\u00e9es, transf\u00e9r\u00e9es ou donn\u00e9es \u00e0 une autre soci\u00e9t\u00e9 pour quelque raison que ce soit, sans votre consentement. ARTICLE 4 : Divulgation des tiers Nous ne vendons, n'\u00e9changeons et ne transf\u00e9rons pas vos informations personnelles identifiables \u00e0 des tiers. Cela ne comprend pas les tierces parties de confiance qui nous aident \u00e0 exploiter notre site web ou \u00e0 mener nos affaires, tant que ces parties conviennent de garder ces informations confidentielles. ARTICLE [&hellip;]","og_url":"https:\/\/upperside.lu\/en\/privacy-policy\/","og_site_name":"Upperside","article_modified_time":"2023-06-05T13:39:48+00:00","twitter_card":"summary_large_image","schema":{"@context":"https:\/\/schema.org","@graph":[{"@type":"WebPage","@id":"https:\/\/upperside.lu\/politique-de-confidentialite\/","url":"https:\/\/upperside.lu\/politique-de-confidentialite\/","name":"Privacy policy - Upperside","isPartOf":{"@id":"https:\/\/upperside.lu\/#website"},"datePublished":"2023-06-05T13:02:10+00:00","dateModified":"2023-06-05T13:39:48+00:00","breadcrumb":{"@id":"https:\/\/upperside.lu\/politique-de-confidentialite\/#breadcrumb"},"inLanguage":"en-US","potentialAction":[{"@type":"ReadAction","target":["https:\/\/upperside.lu\/politique-de-confidentialite\/"]}]},{"@type":"BreadcrumbList","@id":"https:\/\/upperside.lu\/politique-de-confidentialite\/#breadcrumb","itemListElement":[{"@type":"ListItem","position":1,"name":"Accueil","item":"https:\/\/upperside.lu\/"},{"@type":"ListItem","position":2,"name":"Politique de confidentialit\u00e9"}]},{"@type":"WebSite","@id":"https:\/\/upperside.lu\/#website","url":"https:\/\/upperside.lu\/","name":"Upperside","description":"","publisher":{"@id":"https:\/\/upperside.lu\/#organization"},"potentialAction":[{"@type":"SearchAction","target":{"@type":"EntryPoint","urlTemplate":"https:\/\/upperside.lu\/?s={search_term_string}"},"query-input":{"@type":"PropertyValueSpecification","valueRequired":true,"valueName":"search_term_string"}}],"inLanguage":"en-US"},{"@type":"Organization","@id":"https:\/\/upperside.lu\/#organization","name":"Upperside","url":"https:\/\/upperside.lu\/","logo":{"@type":"ImageObject","inLanguage":"en-US","@id":"https:\/\/upperside.lu\/#\/schema\/logo\/image\/","url":"https:\/\/upperside.lu\/wp-content\/uploads\/2023\/04\/Upperside-Logo-classic.png","contentUrl":"https:\/\/upperside.lu\/wp-content\/uploads\/2023\/04\/Upperside-Logo-classic.png","width":1906,"height":1080,"caption":"Upperside"},"image":{"@id":"https:\/\/upperside.lu\/#\/schema\/logo\/image\/"}}]}},"_links":{"self":[{"href":"https:\/\/upperside.lu\/en\/wp-json\/wp\/v2\/pages\/278049","targetHints":{"allow":["GET"]}}],"collection":[{"href":"https:\/\/upperside.lu\/en\/wp-json\/wp\/v2\/pages"}],"about":[{"href":"https:\/\/upperside.lu\/en\/wp-json\/wp\/v2\/types\/page"}],"author":[{"embeddable":true,"href":"https:\/\/upperside.lu\/en\/wp-json\/wp\/v2\/users\/1"}],"replies":[{"embeddable":true,"href":"https:\/\/upperside.lu\/en\/wp-json\/wp\/v2\/comments?post=278049"}],"version-history":[{"count":3,"href":"https:\/\/upperside.lu\/en\/wp-json\/wp\/v2\/pages\/278049\/revisions"}],"predecessor-version":[{"id":278060,"href":"https:\/\/upperside.lu\/en\/wp-json\/wp\/v2\/pages\/278049\/revisions\/278060"}],"wp:attachment":[{"href":"https:\/\/upperside.lu\/en\/wp-json\/wp\/v2\/media?parent=278049"}],"wp:term":[{"taxonomy":"difl_page_category","embeddable":true,"href":"https:\/\/upperside.lu\/en\/wp-json\/wp\/v2\/difl_page_category?post=278049"}],"curies":[{"name":"wp","href":"https:\/\/api.w.org\/{rel}","templated":true}]}}